{"id":9,"date":"2020-05-11T18:50:56","date_gmt":"2020-05-11T16:50:56","guid":{"rendered":"http:\/\/lml-avocats.com\/?page_id=9"},"modified":"2024-06-01T17:08:59","modified_gmt":"2024-06-01T15:08:59","slug":"le-cabinet","status":"publish","type":"page","link":"https:\/\/lml-avocats.com\/en\/le-cabinet\/","title":{"rendered":"The Firm"},"content":{"rendered":"<div data-elementor-type=\"wp-page\" data-elementor-id=\"9\" class=\"elementor elementor-9\">\n\t\t\t\t\t\t<section class=\"elementor-section elementor-top-section elementor-element elementor-element-f078a99 elementor-section-stretched elementor-section-height-min-height elementor-section-items-bottom elementor-section-boxed elementor-section-height-default\" data-id=\"f078a99\" data-element_type=\"section\" data-settings=\"{&quot;stretch_section&quot;:&quot;section-stretched&quot;,&quot;background_background&quot;:&quot;classic&quot;}\">\n\t\t\t\t\t\t<div class=\"elementor-container elementor-column-gap-default\">\n\t\t\t\t\t<div class=\"elementor-column elementor-col-100 elementor-top-column elementor-element elementor-element-962c56f\" data-id=\"962c56f\" data-element_type=\"column\">\n\t\t\t<div class=\"elementor-widget-wrap elementor-element-populated\">\n\t\t\t\t\t\t<div class=\"elementor-element elementor-element-d37db9f elementor-widget elementor-widget-heading\" data-id=\"d37db9f\" data-element_type=\"widget\" data-widget_type=\"heading.default\">\n\t\t\t\t<div class=\"elementor-widget-container\">\n\t\t\t\t\t<h1 class=\"elementor-heading-title elementor-size-default\">About the firm<\/h1>\t\t\t\t<\/div>\n\t\t\t\t<\/div>\n\t\t\t\t\t<\/div>\n\t\t<\/div>\n\t\t\t\t\t<\/div>\n\t\t<\/section>\n\t\t\t\t<section class=\"elementor-section elementor-top-section elementor-element elementor-element-db3513b elementor-section-boxed elementor-section-height-default elementor-section-height-default\" data-id=\"db3513b\" data-element_type=\"section\">\n\t\t\t\t\t\t<div class=\"elementor-container elementor-column-gap-default\">\n\t\t\t\t\t<div class=\"elementor-column elementor-col-50 elementor-top-column elementor-element elementor-element-16c1df2\" data-id=\"16c1df2\" data-element_type=\"column\">\n\t\t\t<div class=\"elementor-widget-wrap elementor-element-populated\">\n\t\t\t\t\t\t<div class=\"elementor-element elementor-element-36a0906 elementor-widget elementor-widget-text-editor\" data-id=\"36a0906\" data-element_type=\"widget\" data-widget_type=\"text-editor.default\">\n\t\t\t\t<div class=\"elementor-widget-container\">\n\t\t\t\t\t\t\t\t\t<p style=\"text-align: justify;\">Since 1992, MARTINET-LONGEANIE law firm has specialised in:<\/p>\n<ul style=\"list-style-type: square; text-align: justify;\">\n<li style=\"text-align: justify;\">commercial law<\/li>\n<li style=\"text-align: justify;\">labour law<\/li>\n<li style=\"text-align: justify;\">Mediation and arbitration<\/li>\n<li style=\"text-align: justify;\">sports law<\/li>\n<\/ul>\n<p style=\"text-align: justify;\">This is the fruit of the founding of two renowned law firms in Paris, where Ms. MARTINET- LONGEANIE took her first steps and learned to advise and represent her clients.<\/p>\t\t\t\t\t\t\t\t<\/div>\n\t\t\t\t<\/div>\n\t\t\t\t\t<\/div>\n\t\t<\/div>\n\t\t\t\t<div class=\"elementor-column elementor-col-50 elementor-top-column elementor-element elementor-element-00bfb27\" data-id=\"00bfb27\" data-element_type=\"column\">\n\t\t\t<div class=\"elementor-widget-wrap elementor-element-populated\">\n\t\t\t\t\t\t<div class=\"elementor-element elementor-element-7d21b8c elementor-widget elementor-widget-image\" data-id=\"7d21b8c\" data-element_type=\"widget\" data-widget_type=\"image.default\">\n\t\t\t\t<div class=\"elementor-widget-container\">\n\t\t\t\t\t\t\t\t\t\t\t\t<figure class=\"wp-caption\">\n\t\t\t\t\t\t\t\t\t\t<img decoding=\"async\" src=\"https:\/\/lml-avocats.com\/wp-content\/uploads\/elementor\/thumbs\/laurence-martinet-longeanie-opgzec97nsuavrs8znq5eojpigda3eyvw5jaagqh7q.jpg\" title=\"laurence-martinet-longeanie\" alt=\"laurence-martinet-longeanie\" loading=\"lazy\" \/>\t\t\t\t\t\t\t\t\t\t\t<figcaption class=\"widget-image-caption wp-caption-text\">Ms. Laurence MARTINET-LONGEANIE, founder of the firm<\/figcaption>\n\t\t\t\t\t\t\t\t\t\t<\/figure>\n\t\t\t\t\t\t\t\t\t<\/div>\n\t\t\t\t<\/div>\n\t\t\t\t\t<\/div>\n\t\t<\/div>\n\t\t\t\t\t<\/div>\n\t\t<\/section>\n\t\t\t\t<section class=\"elementor-section elementor-top-section elementor-element elementor-element-a2a97a7 elementor-section-boxed elementor-section-height-default elementor-section-height-default\" data-id=\"a2a97a7\" data-element_type=\"section\">\n\t\t\t\t\t\t<div class=\"elementor-container elementor-column-gap-default\">\n\t\t\t\t\t<div class=\"elementor-column elementor-col-100 elementor-top-column elementor-element elementor-element-fd8c97b\" data-id=\"fd8c97b\" data-element_type=\"column\">\n\t\t\t<div class=\"elementor-widget-wrap elementor-element-populated\">\n\t\t\t\t\t\t<div class=\"elementor-element elementor-element-d48c74b elementor-widget elementor-widget-text-editor\" data-id=\"d48c74b\" data-element_type=\"widget\" data-widget_type=\"text-editor.default\">\n\t\t\t\t<div class=\"elementor-widget-container\">\n\t\t\t\t\t\t\t\t\t<p style=\"text-align: justify;\"><!-- \/wp:paragraph --><!-- wp:paragraph --><\/p>\n<p style=\"text-align: justify;\">And this is how the firm itself took its first steps, resolving disputes between partners of a corporation undergoing a separation process.<\/p>\n<p style=\"text-align: justify;\">This obviously requires knowledge of commercial leases, company law and contract law.<\/p>\n<p style=\"text-align: justify;\"><!-- \/wp:paragraph --><!-- wp:paragraph --><\/p>\n<p style=\"text-align: justify;\">A company\u2019s articles of association or shareholders' agreement indeed reflect the agreement between people joining forces: they represent their will.<\/p>\n<p style=\"text-align: justify;\"><!-- \/wp:paragraph --><!-- wp:paragraph --><\/p>\n<p style=\"text-align: justify;\">However, combining a corporate mandate and an employment contract is an everyday situation.<\/p>\n<p style=\"text-align: justify;\"><!-- \/wp:paragraph --><!-- wp:paragraph --><\/p>\n<p style=\"text-align: justify;\">The firm has therefore also acquired a certain experience in labour law.<\/p>\n<p style=\"text-align: justify;\"><!-- \/wp:paragraph --><!-- wp:paragraph --><\/p>\n<p style=\"text-align: justify;\">Indeed, it is difficult to examine commercial law without involving labour law.<\/p>\n<p style=\"text-align: justify;\"><!-- \/wp:paragraph --><!-- wp:paragraph --><\/p>\n<p style=\"text-align: justify;\">The firm's areas of speciality have all been addressed through publications and advisory service for various associations...<\/p>\n<p style=\"text-align: justify;\"><!-- \/wp:paragraph --><!-- wp:paragraph --><\/p>\n<p style=\"text-align: justify;\">Thus, for the \"Gazette du Palais\" (a weekly law review) on debt collection, we participated in the work of the French Association for Services and Management, this time in the drafting of the single assessment document for professional risks, the drafting of ACTISS PARTNER\u2019s newsletters on the independent receiver (a third party appointed by the Court who often assists you to settle disputes between shareholders or others) as well as the work of the Franco-British Chamber of Commerce on debt collection and labour law.<\/p>\n<p style=\"text-align: justify;\"><!-- \/wp:paragraph --><!-- wp:paragraph --><\/p>\n<p style=\"text-align: justify;\">We also took part in the work of the MEDEF (largest employer federation in France) where we hosted breakfast meetings on our areas of speciality, when we did not organise them ourselves.<\/p>\n<p style=\"text-align: justify;\"><!-- \/wp:paragraph --><!-- wp:paragraph --><\/p>\n<p style=\"text-align: justify;\">We have also acted on behalf of the COMUNDI group (Jurisclasseur) in the field of general training in commercial contracts.<\/p>\n<p style=\"text-align: justify;\"><!-- \/wp:paragraph --><!-- wp:paragraph --><\/p>\n<p style=\"text-align: justify;\">Choosing us means we will be at your side, listening attentively and precisely and responding swiftly to your difficulties.<\/p>\n<p style=\"text-align: justify;\"><!-- \/wp:paragraph --><!-- wp:paragraph --><\/p>\n<p style=\"text-align: justify;\"><b>The firm\u2019s philosophy is to stay resolutely human and understand the weight of your problems\u2026<\/b><\/p>\t\t\t\t\t\t\t\t<\/div>\n\t\t\t\t<\/div>\n\t\t\t\t\t<\/div>\n\t\t<\/div>\n\t\t\t\t\t<\/div>\n\t\t<\/section>\n\t\t\t\t<section class=\"elementor-section elementor-top-section elementor-element elementor-element-b6a58b3 elementor-section-boxed elementor-section-height-default elementor-section-height-default\" data-id=\"b6a58b3\" data-element_type=\"section\">\n\t\t\t\t\t\t<div class=\"elementor-container elementor-column-gap-default\">\n\t\t\t\t\t<div class=\"elementor-column elementor-col-100 elementor-top-column elementor-element elementor-element-bb3b073\" data-id=\"bb3b073\" data-element_type=\"column\">\n\t\t\t<div class=\"elementor-widget-wrap elementor-element-populated\">\n\t\t\t\t\t\t<div class=\"elementor-element elementor-element-6f710c0 elementor-widget-divider--view-line elementor-widget elementor-widget-divider\" data-id=\"6f710c0\" data-element_type=\"widget\" data-widget_type=\"divider.default\">\n\t\t\t\t<div class=\"elementor-widget-container\">\n\t\t\t\t\t\t\t<div class=\"elementor-divider\">\n\t\t\t<span class=\"elementor-divider-separator\">\n\t\t\t\t\t\t<\/span>\n\t\t<\/div>\n\t\t\t\t\t\t<\/div>\n\t\t\t\t<\/div>\n\t\t\t\t\t<\/div>\n\t\t<\/div>\n\t\t\t\t\t<\/div>\n\t\t<\/section>\n\t\t\t\t<section class=\"elementor-section elementor-top-section elementor-element elementor-element-7aea749c elementor-section-boxed elementor-section-height-default elementor-section-height-default\" data-id=\"7aea749c\" data-element_type=\"section\">\n\t\t\t\t\t\t<div class=\"elementor-container elementor-column-gap-default\">\n\t\t\t\t\t<div class=\"elementor-column elementor-col-100 elementor-top-column elementor-element elementor-element-1782ae0b\" data-id=\"1782ae0b\" data-element_type=\"column\">\n\t\t\t<div class=\"elementor-widget-wrap elementor-element-populated\">\n\t\t\t\t\t\t<div class=\"elementor-element elementor-element-e49c564 elementor-widget elementor-widget-text-editor\" data-id=\"e49c564\" data-element_type=\"widget\" data-widget_type=\"text-editor.default\">\n\t\t\t\t<div class=\"elementor-widget-container\">\n\t\t\t\t\t\t\t\t\t<p style=\"text-align: justify;\">Ms. MARTINET-LONGEANIE, who holds a MAS in private law and a MAS in English and North American business law, was sworn in on 11 March 1992.<\/p>\n<p style=\"text-align: justify;\">Plus de 32 ans qu\u2019elle agit avec r\u00e9activit\u00e9 et r\u00e9pond &#8211; en fran\u00e7ais et\/ou anglais &#8211; avec pr\u00e9cision aux missions confi\u00e9es, le sourire en plus.<\/p>\n<p style=\"text-align: justify;\">She boasts substantial experience which she constantly refreshes to adapt to your changing needs.<\/p>\n<p>She also taught civil law at Paris II University and teaches commercial law at the Paris EFB (Bar Training School).<\/p>\n<p style=\"text-align: justify;\">Ms. MARTINET-LONGEANIE has been working since 1992, serving both individuals and international as well as national professionals. The areas in which the firm has specialized are French commercial law, French labor law, mediation, and arbitration.<\/p>\n<p style=\"text-align: justify;\">Ms. MARTINET-LONGEANIE has been appointed Judge-Mediator at the International Court of Mediation and Arbitration (CIMEDA) on 26 November 2019, after having been appointed, in 2006, arbitrator at the French Committee of the ICC (International Court of Arbitration of the International Chamber of Commerce).<\/p>\t\t\t\t\t\t\t\t<\/div>\n\t\t\t\t<\/div>\n\t\t\t\t<div class=\"elementor-element elementor-element-44d07e6a elementor-widget elementor-widget-text-editor\" data-id=\"44d07e6a\" data-element_type=\"widget\" data-widget_type=\"text-editor.default\">\n\t\t\t\t<div class=\"elementor-widget-container\">\n\t\t\t\t\t\t\t\t\t<p><b>Laurence MARTINET-LONGEANIE<\/b><\/p>\n<p><em>Member of the Paris Bar <\/em><\/p>\n<p><em>Judge-Mediator at the International Court of Mediation and Arbitration<\/em><\/p>\n<p>M\u00c9DIARBITRAGE<sup>\u00a9<\/sup><\/p>\n<p><a href=\"https:\/\/cimeda.org\/\">cimeda.org<\/a><\/p>\t\t\t\t\t\t\t\t<\/div>\n\t\t\t\t<\/div>\n\t\t\t\t<div class=\"elementor-element elementor-element-12a79794 elementor-widget elementor-widget-image\" data-id=\"12a79794\" data-element_type=\"widget\" data-widget_type=\"image.default\">\n\t\t\t\t<div class=\"elementor-widget-container\">\n\t\t\t\t\t\t\t\t\t\t\t\t\t\t\t<img decoding=\"async\" src=\"https:\/\/lml-avocats.com\/wp-content\/uploads\/elementor\/thumbs\/logo-sign-ox8gtoo0z76s621udircebtbvm1gi9m06s60jg7sqm.jpg\" title=\"logo-sign.jpg\" alt=\"logo-sign.jpg\" loading=\"lazy\" \/>\t\t\t\t\t\t\t\t\t\t\t\t\t\t\t<\/div>\n\t\t\t\t<\/div>\n\t\t\t\t\t<\/div>\n\t\t<\/div>\n\t\t\t\t\t<\/div>\n\t\t<\/section>\n\t\t\t\t<section class=\"elementor-section elementor-top-section elementor-element elementor-element-e5fc7b3 elementor-section-boxed elementor-section-height-default elementor-section-height-default\" data-id=\"e5fc7b3\" data-element_type=\"section\">\n\t\t\t\t\t\t<div class=\"elementor-container elementor-column-gap-default\">\n\t\t\t\t\t<div class=\"elementor-column elementor-col-100 elementor-top-column elementor-element elementor-element-34dc2f0\" data-id=\"34dc2f0\" data-element_type=\"column\">\n\t\t\t<div class=\"elementor-widget-wrap elementor-element-populated\">\n\t\t\t\t\t\t<div class=\"elementor-element elementor-element-eff5488 elementor-widget elementor-widget-spacer\" data-id=\"eff5488\" data-element_type=\"widget\" data-widget_type=\"spacer.default\">\n\t\t\t\t<div class=\"elementor-widget-container\">\n\t\t\t\t\t\t\t<div class=\"elementor-spacer\">\n\t\t\t<div class=\"elementor-spacer-inner\"><\/div>\n\t\t<\/div>\n\t\t\t\t\t\t<\/div>\n\t\t\t\t<\/div>\n\t\t\t\t\t<\/div>\n\t\t<\/div>\n\t\t\t\t\t<\/div>\n\t\t<\/section>\n\t\t\t\t<\/div>","protected":false},"excerpt":{"rendered":"<p>le cabinet martinet-longeanie Depuis 1992, le cabinet MARTINET-LONGEANIE s&rsquo;est sp\u00e9cialis\u00e9 en : droit commercial droit social m\u00e9diation et arbitrage droit du sport. C&rsquo;est l\u00e0 le produit de la formation de deux cabinets r\u00e9put\u00e9s sur la place parisienne, o\u00f9 Me MARTINET-LONGEANIE a fait ses premi\u00e8res armes et appris \u00e0 conseiller et repr\u00e9senter ses clients. Me Laurence [&hellip;]<\/p>\n","protected":false},"author":1,"featured_media":0,"parent":0,"menu_order":0,"comment_status":"closed","ping_status":"closed","template":"","meta":{"ocean_post_layout":"","ocean_both_sidebars_style":"","ocean_both_sidebars_content_width":0,"ocean_both_sidebars_sidebars_width":0,"ocean_sidebar":"0","ocean_second_sidebar":"0","ocean_disable_margins":"on","ocean_add_body_class":"","ocean_shortcode_before_top_bar":"","ocean_shortcode_after_top_bar":"","ocean_shortcode_before_header":"","ocean_shortcode_after_header":"","ocean_has_shortcode":"","ocean_shortcode_after_title":"","ocean_shortcode_before_footer_widgets":"","ocean_shortcode_after_footer_widgets":"","ocean_shortcode_before_footer_bottom":"","ocean_shortcode_after_footer_bottom":"","ocean_display_top_bar":"default","ocean_display_header":"default","ocean_header_style":"","ocean_center_header_left_menu":"0","ocean_custom_header_template":"0","ocean_custom_logo":0,"ocean_custom_retina_logo":0,"ocean_custom_logo_max_width":0,"ocean_custom_logo_tablet_max_width":0,"ocean_custom_logo_mobile_max_width":0,"ocean_custom_logo_max_height":0,"ocean_custom_logo_tablet_max_height":0,"ocean_custom_logo_mobile_max_height":0,"ocean_header_custom_menu":"0","ocean_menu_typo_font_family":"0","ocean_menu_typo_font_subset":"","ocean_menu_typo_font_size":0,"ocean_menu_typo_font_size_tablet":0,"ocean_menu_typo_font_size_mobile":0,"ocean_menu_typo_font_size_unit":"px","ocean_menu_typo_font_weight":"","ocean_menu_typo_font_weight_tablet":"","ocean_menu_typo_font_weight_mobile":"","ocean_menu_typo_transform":"","ocean_menu_typo_transform_tablet":"","ocean_menu_typo_transform_mobile":"","ocean_menu_typo_line_height":0,"ocean_menu_typo_line_height_tablet":0,"ocean_menu_typo_line_height_mobile":0,"ocean_menu_typo_line_height_unit":"","ocean_menu_typo_spacing":0,"ocean_menu_typo_spacing_tablet":0,"ocean_menu_typo_spacing_mobile":0,"ocean_menu_typo_spacing_unit":"","ocean_menu_link_color":"","ocean_menu_link_color_hover":"","ocean_menu_link_color_active":"","ocean_menu_link_background":"","ocean_menu_link_hover_background":"","ocean_menu_link_active_background":"","ocean_menu_social_links_bg":"","ocean_menu_social_hover_links_bg":"","ocean_menu_social_links_color":"","ocean_menu_social_hover_links_color":"","ocean_disable_title":"default","ocean_disable_heading":"default","ocean_post_title":"","ocean_post_subheading":"","ocean_post_title_style":"","ocean_post_title_background_color":"","ocean_post_title_background":0,"ocean_post_title_bg_image_position":"","ocean_post_title_bg_image_attachment":"","ocean_post_title_bg_image_repeat":"","ocean_post_title_bg_image_size":"","ocean_post_title_height":0,"ocean_post_title_bg_overlay":0.5,"ocean_post_title_bg_overlay_color":"","ocean_disable_breadcrumbs":"default","ocean_breadcrumbs_color":"","ocean_breadcrumbs_separator_color":"","ocean_breadcrumbs_links_color":"","ocean_breadcrumbs_links_hover_color":"","ocean_display_footer_widgets":"default","ocean_display_footer_bottom":"default","ocean_custom_footer_template":"0","footnotes":""},"_links":{"self":[{"href":"https:\/\/lml-avocats.com\/en\/wp-json\/wp\/v2\/pages\/9"}],"collection":[{"href":"https:\/\/lml-avocats.com\/en\/wp-json\/wp\/v2\/pages"}],"about":[{"href":"https:\/\/lml-avocats.com\/en\/wp-json\/wp\/v2\/types\/page"}],"author":[{"embeddable":true,"href":"https:\/\/lml-avocats.com\/en\/wp-json\/wp\/v2\/users\/1"}],"replies":[{"embeddable":true,"href":"https:\/\/lml-avocats.com\/en\/wp-json\/wp\/v2\/comments?post=9"}],"version-history":[{"count":140,"href":"https:\/\/lml-avocats.com\/en\/wp-json\/wp\/v2\/pages\/9\/revisions"}],"predecessor-version":[{"id":2428,"href":"https:\/\/lml-avocats.com\/en\/wp-json\/wp\/v2\/pages\/9\/revisions\/2428"}],"wp:attachment":[{"href":"https:\/\/lml-avocats.com\/en\/wp-json\/wp\/v2\/media?parent=9"}],"curies":[{"name":"wp","href":"https:\/\/api.w.org\/{rel}","templated":true}]}}