{"id":5,"date":"2020-05-11T18:47:53","date_gmt":"2020-05-11T16:47:53","guid":{"rendered":"http:\/\/lml-avocats.com\/?page_id=5"},"modified":"2023-04-13T22:09:26","modified_gmt":"2023-04-13T20:09:26","slug":"mentions-legales","status":"publish","type":"page","link":"https:\/\/lml-avocats.com\/en\/mentions-legales\/","title":{"rendered":"Legal Notice"},"content":{"rendered":"<div data-elementor-type=\"wp-page\" data-elementor-id=\"5\" class=\"elementor elementor-5\">\n\t\t\t\t\t\t<section class=\"elementor-section elementor-top-section elementor-element elementor-element-1c110c6a elementor-section-stretched elementor-section-height-min-height elementor-section-items-bottom elementor-section-boxed elementor-section-height-default\" data-id=\"1c110c6a\" data-element_type=\"section\" data-settings=\"{&quot;stretch_section&quot;:&quot;section-stretched&quot;,&quot;background_background&quot;:&quot;classic&quot;}\">\n\t\t\t\t\t\t<div class=\"elementor-container elementor-column-gap-default\">\n\t\t\t\t\t<div class=\"elementor-column elementor-col-100 elementor-top-column elementor-element elementor-element-5b3a221\" data-id=\"5b3a221\" data-element_type=\"column\">\n\t\t\t<div class=\"elementor-widget-wrap elementor-element-populated\">\n\t\t\t\t\t\t<div class=\"elementor-element elementor-element-7c385c72 elementor-widget elementor-widget-heading\" data-id=\"7c385c72\" data-element_type=\"widget\" data-widget_type=\"heading.default\">\n\t\t\t\t<div class=\"elementor-widget-container\">\n\t\t\t\t\t<h1 class=\"elementor-heading-title elementor-size-default\">Legal Notice<\/h1>\t\t\t\t<\/div>\n\t\t\t\t<\/div>\n\t\t\t\t\t<\/div>\n\t\t<\/div>\n\t\t\t\t\t<\/div>\n\t\t<\/section>\n\t\t\t\t<section class=\"elementor-section elementor-top-section elementor-element elementor-element-b8feb34 elementor-section-boxed elementor-section-height-default elementor-section-height-default\" data-id=\"b8feb34\" data-element_type=\"section\">\n\t\t\t\t\t\t<div class=\"elementor-container elementor-column-gap-default\">\n\t\t\t\t\t<div class=\"elementor-column elementor-col-100 elementor-top-column elementor-element elementor-element-ae32b8c\" data-id=\"ae32b8c\" data-element_type=\"column\">\n\t\t\t<div class=\"elementor-widget-wrap elementor-element-populated\">\n\t\t\t\t\t\t<div class=\"elementor-element elementor-element-10d0c79 elementor-widget elementor-widget-spacer\" data-id=\"10d0c79\" data-element_type=\"widget\" data-widget_type=\"spacer.default\">\n\t\t\t\t<div class=\"elementor-widget-container\">\n\t\t\t\t\t\t\t<div class=\"elementor-spacer\">\n\t\t\t<div class=\"elementor-spacer-inner\"><\/div>\n\t\t<\/div>\n\t\t\t\t\t\t<\/div>\n\t\t\t\t<\/div>\n\t\t\t\t\t<\/div>\n\t\t<\/div>\n\t\t\t\t\t<\/div>\n\t\t<\/section>\n\t\t\t\t<section class=\"elementor-section elementor-top-section elementor-element elementor-element-dd7798d elementor-section-boxed elementor-section-height-default elementor-section-height-default\" data-id=\"dd7798d\" data-element_type=\"section\">\n\t\t\t\t\t\t<div class=\"elementor-container elementor-column-gap-default\">\n\t\t\t\t\t<div class=\"elementor-column elementor-col-100 elementor-top-column elementor-element elementor-element-3e2b38d\" data-id=\"3e2b38d\" data-element_type=\"column\">\n\t\t\t<div class=\"elementor-widget-wrap elementor-element-populated\">\n\t\t\t\t\t\t<div class=\"elementor-element elementor-element-ee12653 elementor-widget elementor-widget-text-editor\" data-id=\"ee12653\" data-element_type=\"widget\" data-widget_type=\"text-editor.default\">\n\t\t\t\t<div class=\"elementor-widget-container\">\n\t\t\t\t\t\t\t\t\t<p><strong>Legal information<\/strong><\/p><p>Le site www.lml-avocats.com est \u00e9dit\u00e9 par la SELARL MARTINET-LONGEANIE, soci\u00e9t\u00e9 d\u2019exercice lib\u00e9ral \u00e0 responsabilit\u00e9 limit\u00e9e au capital social de 20 000,00 euros, inscrite au registre du commerce et des soci\u00e9t\u00e9s de Paris sous le num\u00e9ro 500 510 854, dont le si\u00e8ge social est situ\u00e9 222 bd Saint-Germain, 75007 Paris, t\u00e9l\u00e9phone 01 56 64 08 88 \u2013 adresse de courrier \u00e9lectronique : lml@lml-avocats.com &#8211; n\u00b0 de TVA intracommunautaire FR25500510854.<\/p><p>The publication director is Mrs Laurence MARTINET-LONGEANIE, manager of SELARL MARTINET-LONGEANIE.<\/p><p>The site is hosted by OVH, whose registered office is located at 2, rue Kellermann 59100 Roubaix France - telephone 1007 or +33 9 74 53 13 23.<\/p><p>This site was designed and produced by VD1975 <a href=\"https:\/\/vd1975.com\" target=\"_blank\" rel=\"noopener\">vd1975.com<\/a> \u2022 <a href=\"mailto:info@vd1975.com\">info@vd1975.com<\/a><\/p><p><strong>Responsabilit\u00e9<\/strong><\/p><p>SELARL MARTINET-LONGEANIE undertakes to do everything possible to ensure that users can always access the site. However, it cannot be held liable in the event of the site being unavailable for any reason whatsoever.<\/p><p>The user of the site acknowledges having read this legal notice and undertakes to comply with it.<\/p><p>The user acknowledges having the skills and resources necessary to access and use the site and acknowledges having checked that the computer system used is free of viruses and is in perfect working order.<\/p><p>SELARL MARTINET-LONGEANIE cannot guarantee the accuracy and completeness of the information published on its site, nor can it guarantee that it will always function properly or that it is completely secure.<\/p><p>SELARL MARTINET-LONGEANIE does everything possible to provide users with available and verified information and tools, but cannot be held responsible for errors, the lack of availability of information and\/or the presence of viruses or other computer infections on its site.<\/p><p>The information provided by SELARL MARTINET-LONGEANIE is for informative purposes only. SELARL MARTINET-LONGEANIE cannot guarantee the accuracy, completeness or relevance of the information published on the site.<\/p><p>The user acknowledges that he or she uses the information and tools available on the site under his or her exclusive responsibility.<\/p><p><strong>Protection of personal data<\/strong><\/p><p>The processing of personal data carried out within the framework of the <a href=\"https:\/\/lml-avocats.com\/en\/\">www.lml-avocats.com<\/a> website is based on the firm's legitimate interest in conducting such activities and is included in the list of processing operations of the SELARL MARTINET- LONGEANIE Data Protection Officer.<\/p><p>Data is kept:<\/p><ul style=\"list-style-type: disc;\"><li>if you sign up to a newsletter, for the duration of the subscription,<\/li><li>3 years from the last contact received from you if you are not otherwise listed as a contact,<\/li><li>if you are a contact person of a client of the firm, for the duration of the relationship plus 3 years.<\/li><\/ul><p>Pursuant to the French Data Protection Act of 6 January 1978 as amended, and the General Data Protection Regulation, you have the right to access, query, limit, erase, modify and correct information concerning you. You also have a right to object to the processing of your personal data, as well as a right to object to the use of this data for canvassing purposes. Finally, you have the right to give general and specific guidelines defining how these rights should be exercised after your death.<\/p><p>Vous pouvez exercer ces droits aupr\u00e8s du D\u00e9l\u00e9gu\u00e9 \u00e0 la protection des donn\u00e9es \u00e0 l\u2019adresse suivante : lml@lml-avocats.com ou par courrier postal \u00e0 la SELARL MARTINET-LONGEANIE, 222 bd Saint-Germain, 75007 Paris, accompagn\u00e9 d\u2019une copie d\u2019un titre d\u2019identit\u00e9 sign\u00e9.<\/p><p>Finally, you may file a complaint with the Commission nationale de l'informatique et des libert\u00e9s, the supervisory authority responsible for ensuring compliance with personal data protection obligations.<\/p><p><strong>Intellectual Property<\/strong><\/p><p>The <a href=\"https:\/\/lml-avocats.com\/en\/\">www.lml-avocats.com<\/a> website, taken as a whole, and each of its constituent elements, taken independently, in particular programmes and specific developments and content, including data, texts, fixed or animated images, logos, sounds, graphics and files, are the exclusive property of SELARL MARTINET-LONGEANIE or third parties who have granted it a licence. Any total or partial representation of the site or of one of its constituent elements without the express authorisation of SELARL MARTINET-LONGEANIE is prohibited and will constitute an infringement punishable under articles L.335-2 et seq of the Intellectual Property Code.<\/p><p>Databases appearing on the site are protected by articles L.341-1 et seq. of the Intellectual Property Code and any qualitatively or quantitatively substantial extraction or reuse of the content of databases is punishable.<\/p><p>Brands and logos appearing on the site are trademarks registered by SELARL MARTINET- LONGEANIE or by third parties. Any reproduction, imitation or use, total or partial, of these distinctive signs without express authorisation and in breach of the prohibitions provided for in articles L.713-2 et seq following of the Intellectual Property Code will incur the liability of their perpetrator.<\/p><p>Other distinctive signs, in particular company names, trade names, signs, and domain names reproduced on the site are the property of SELARL MARTINET-LONGEANIE or third parties, and any reproduction without express authorisation may constitute fraud incurring the liability of its perpetrator on the basis of article 1240 of the Civil Code.<\/p><p><strong>Links<\/strong><\/p><p>SELARL MARTINET-LONGEANIE reserves the right to remove any links to its site from a third-party site if it breaches the essential principles of the legal profession.<\/p><p>Users of the site may not establish a deep link to this site without the prior written authorisation of SELARL MARTINET-LONGEANIE.<\/p><p><strong>Consumer Ombudsman<\/strong><\/p><p>Clients are informed of the possibility of availing themselves, in the event of a dispute relating to these general terms and conditions, of a conventional mediation procedure or any other alternative means of dispute resolution.<\/p><p>To this end, clients are informed that, after first attempting to resolve the dispute amicably directly with the firm, they may refer the matter to the legal ombudsman at 180 boulevard Haussmann, 75008 Paris.<\/p><p>For more information on the mediation process, clients are invited to consult the website of the legal ombudsman: https:\/\/mediateur-consommation-avocat.fr\/. <a href=\"https:\/\/mediateur-consommation-avocat.fr\/\" target=\"_blank\" rel=\"noopener\">https:\/\/mediateur-consommation-avocat.fr\/<\/a>.<\/p><p>The ombudsman can be contacted by e-mail at the following address: <a href=\"mailto:mediateur@mediateur-consommation-avocat.fr\">mediateur@mediateur-consommation-avocat.fr<\/a>by post at the above-mentioned address or by completing the online form available at the following address <a href=\"https:\/\/mediateur-consommation-avocat.fr\/contacter-le-mediateur\/\" target=\"_blank\" rel=\"noopener\">https:\/\/mediateur-consommation-avocat.fr\/contacter-le-mediateur\/<\/a>.<\/p><p>Clients are informed that disputes may not be submitted to the ombudsman if the claim is manifestly unfounded or abusive or has been previously examined or is being examined by another ombudsman or by a court. The same applies if the client has submitted his or her application to the ombudsman when more than a year has passed since his or her written complaint to the firm, if the dispute does not fall within the ombudsman\u2019s remit, or if the client fails to provide evidence of attempting to resolve his or her dispute directly with the firm by means of a written complaint.<\/p><p>The firm also informs clients of the existence of an Online Dispute Resolution (\"ODR\") platform available to them. Users may access it from the following link <a href=\"http:\/\/ec.europa.eu\/consumers\/odr\/\" target=\"_blank\" rel=\"noopener\">http:\/\/ec.europa.eu\/consumers\/odr\/<\/a>.<\/p><p><strong>Applicable law<\/strong><\/p><p>This site is governed by French law.<\/p><p><strong>Modification<\/strong><\/p><p>SELARL MARTINET-LONGEANIE reserves the right to modify the content of this legal notice at any time and without notice.<\/p><p>Users are therefore invited to consult it regularly.<\/p>\t\t\t\t\t\t\t\t<\/div>\n\t\t\t\t<\/div>\n\t\t\t\t\t<\/div>\n\t\t<\/div>\n\t\t\t\t\t<\/div>\n\t\t<\/section>\n\t\t\t\t<\/div>","protected":false},"excerpt":{"rendered":"<p>Mentions l\u00e9gales Informations l\u00e9gales Le site www.lml-avocats.com est \u00e9dit\u00e9 par la SELARL MARTINET-LONGEANIE, soci\u00e9t\u00e9 d\u2019exercice lib\u00e9ral \u00e0 responsabilit\u00e9 limit\u00e9e au capital social de 20 000,00 euros, inscrite au registre du commerce et des soci\u00e9t\u00e9s de Paris sous le num\u00e9ro 500 510 854, dont le si\u00e8ge social est situ\u00e9 222 bd Saint-Germain, 75007 Paris, t\u00e9l\u00e9phone 01 [&hellip;]<\/p>\n","protected":false},"author":1,"featured_media":0,"parent":0,"menu_order":0,"comment_status":"closed","ping_status":"closed","template":"","meta":{"ocean_post_layout":"","ocean_both_sidebars_style":"","ocean_both_sidebars_content_width":0,"ocean_both_sidebars_sidebars_width":0,"ocean_sidebar":"0","ocean_second_sidebar":"0","ocean_disable_margins":"on","ocean_add_body_class":"","ocean_shortcode_before_top_bar":"","ocean_shortcode_after_top_bar":"","ocean_shortcode_before_header":"","ocean_shortcode_after_header":"","ocean_has_shortcode":"","ocean_shortcode_after_title":"","ocean_shortcode_before_footer_widgets":"","ocean_shortcode_after_footer_widgets":"","ocean_shortcode_before_footer_bottom":"","ocean_shortcode_after_footer_bottom":"","ocean_display_top_bar":"on","ocean_display_header":"default","ocean_header_style":"","ocean_center_header_left_menu":"0","ocean_custom_header_template":"0","ocean_custom_logo":0,"ocean_custom_retina_logo":0,"ocean_custom_logo_max_width":0,"ocean_custom_logo_tablet_max_width":0,"ocean_custom_logo_mobile_max_width":0,"ocean_custom_logo_max_height":0,"ocean_custom_logo_tablet_max_height":0,"ocean_custom_logo_mobile_max_height":0,"ocean_header_custom_menu":"0","ocean_menu_typo_font_family":"0","ocean_menu_typo_font_subset":"","ocean_menu_typo_font_size":0,"ocean_menu_typo_font_size_tablet":0,"ocean_menu_typo_font_size_mobile":0,"ocean_menu_typo_font_size_unit":"px","ocean_menu_typo_font_weight":"","ocean_menu_typo_font_weight_tablet":"","ocean_menu_typo_font_weight_mobile":"","ocean_menu_typo_transform":"","ocean_menu_typo_transform_tablet":"","ocean_menu_typo_transform_mobile":"","ocean_menu_typo_line_height":0,"ocean_menu_typo_line_height_tablet":0,"ocean_menu_typo_line_height_mobile":0,"ocean_menu_typo_line_height_unit":"","ocean_menu_typo_spacing":0,"ocean_menu_typo_spacing_tablet":0,"ocean_menu_typo_spacing_mobile":0,"ocean_menu_typo_spacing_unit":"","ocean_menu_link_color":"","ocean_menu_link_color_hover":"","ocean_menu_link_color_active":"","ocean_menu_link_background":"","ocean_menu_link_hover_background":"","ocean_menu_link_active_background":"","ocean_menu_social_links_bg":"","ocean_menu_social_hover_links_bg":"","ocean_menu_social_links_color":"","ocean_menu_social_hover_links_color":"","ocean_disable_title":"default","ocean_disable_heading":"default","ocean_post_title":"","ocean_post_subheading":"","ocean_post_title_style":"","ocean_post_title_background_color":"","ocean_post_title_background":0,"ocean_post_title_bg_image_position":"","ocean_post_title_bg_image_attachment":"","ocean_post_title_bg_image_repeat":"","ocean_post_title_bg_image_size":"","ocean_post_title_height":0,"ocean_post_title_bg_overlay":0.5,"ocean_post_title_bg_overlay_color":"","ocean_disable_breadcrumbs":"default","ocean_breadcrumbs_color":"","ocean_breadcrumbs_separator_color":"","ocean_breadcrumbs_links_color":"","ocean_breadcrumbs_links_hover_color":"","ocean_display_footer_widgets":"default","ocean_display_footer_bottom":"default","ocean_custom_footer_template":"0","footnotes":""},"_links":{"self":[{"href":"https:\/\/lml-avocats.com\/en\/wp-json\/wp\/v2\/pages\/5"}],"collection":[{"href":"https:\/\/lml-avocats.com\/en\/wp-json\/wp\/v2\/pages"}],"about":[{"href":"https:\/\/lml-avocats.com\/en\/wp-json\/wp\/v2\/types\/page"}],"author":[{"embeddable":true,"href":"https:\/\/lml-avocats.com\/en\/wp-json\/wp\/v2\/users\/1"}],"replies":[{"embeddable":true,"href":"https:\/\/lml-avocats.com\/en\/wp-json\/wp\/v2\/comments?post=5"}],"version-history":[{"count":46,"href":"https:\/\/lml-avocats.com\/en\/wp-json\/wp\/v2\/pages\/5\/revisions"}],"predecessor-version":[{"id":2248,"href":"https:\/\/lml-avocats.com\/en\/wp-json\/wp\/v2\/pages\/5\/revisions\/2248"}],"wp:attachment":[{"href":"https:\/\/lml-avocats.com\/en\/wp-json\/wp\/v2\/media?parent=5"}],"curies":[{"name":"wp","href":"https:\/\/api.w.org\/{rel}","templated":true}]}}