{"id":1067,"date":"2020-10-15T17:29:58","date_gmt":"2020-10-15T15:29:58","guid":{"rendered":"http:\/\/lml-avocats.com\/?page_id=1067"},"modified":"2020-12-02T15:17:54","modified_gmt":"2020-12-02T14:17:54","slug":"politique-cookies","status":"publish","type":"page","link":"https:\/\/lml-avocats.com\/en\/politique-cookies\/","title":{"rendered":"Cookie policy"},"content":{"rendered":"<div data-elementor-type=\"wp-page\" data-elementor-id=\"1067\" class=\"elementor elementor-1067\">\n\t\t\t\t\t\t<section class=\"elementor-section elementor-top-section elementor-element elementor-element-49d9c465 elementor-section-stretched elementor-section-height-min-height elementor-section-items-bottom elementor-section-boxed elementor-section-height-default\" data-id=\"49d9c465\" data-element_type=\"section\" data-settings=\"{&quot;stretch_section&quot;:&quot;section-stretched&quot;,&quot;background_background&quot;:&quot;classic&quot;}\">\n\t\t\t\t\t\t\t<div class=\"elementor-background-overlay\"><\/div>\n\t\t\t\t\t\t\t<div class=\"elementor-container elementor-column-gap-default\">\n\t\t\t\t\t<div class=\"elementor-column elementor-col-100 elementor-top-column elementor-element elementor-element-77dc218\" data-id=\"77dc218\" data-element_type=\"column\">\n\t\t\t<div class=\"elementor-widget-wrap elementor-element-populated\">\n\t\t\t\t\t\t<div class=\"elementor-element elementor-element-61ff301 elementor-widget elementor-widget-heading\" data-id=\"61ff301\" data-element_type=\"widget\" data-widget_type=\"heading.default\">\n\t\t\t\t<div class=\"elementor-widget-container\">\n\t\t\t\t\t<h1 class=\"elementor-heading-title elementor-size-default\">Politique Cookies<\/h1>\t\t\t\t<\/div>\n\t\t\t\t<\/div>\n\t\t\t\t\t<\/div>\n\t\t<\/div>\n\t\t\t\t\t<\/div>\n\t\t<\/section>\n\t\t\t\t<section class=\"elementor-section elementor-top-section elementor-element elementor-element-519a9aca elementor-section-boxed elementor-section-height-default elementor-section-height-default\" data-id=\"519a9aca\" data-element_type=\"section\">\n\t\t\t\t\t\t<div class=\"elementor-container elementor-column-gap-default\">\n\t\t\t\t\t<div class=\"elementor-column elementor-col-100 elementor-top-column elementor-element elementor-element-4bcc3bfe\" data-id=\"4bcc3bfe\" data-element_type=\"column\">\n\t\t\t<div class=\"elementor-widget-wrap elementor-element-populated\">\n\t\t\t\t\t\t<div class=\"elementor-element elementor-element-25a4909c elementor-widget elementor-widget-spacer\" data-id=\"25a4909c\" data-element_type=\"widget\" data-widget_type=\"spacer.default\">\n\t\t\t\t<div class=\"elementor-widget-container\">\n\t\t\t\t\t\t\t<div class=\"elementor-spacer\">\n\t\t\t<div class=\"elementor-spacer-inner\"><\/div>\n\t\t<\/div>\n\t\t\t\t\t\t<\/div>\n\t\t\t\t<\/div>\n\t\t\t\t\t<\/div>\n\t\t<\/div>\n\t\t\t\t\t<\/div>\n\t\t<\/section>\n\t\t\t\t<section class=\"elementor-section elementor-top-section elementor-element elementor-element-55313063 elementor-section-boxed elementor-section-height-default elementor-section-height-default\" data-id=\"55313063\" data-element_type=\"section\">\n\t\t\t\t\t\t<div class=\"elementor-container elementor-column-gap-default\">\n\t\t\t\t\t<div class=\"elementor-column elementor-col-100 elementor-top-column elementor-element elementor-element-18f14b6f\" data-id=\"18f14b6f\" data-element_type=\"column\">\n\t\t\t<div class=\"elementor-widget-wrap elementor-element-populated\">\n\t\t\t\t\t\t<div class=\"elementor-element elementor-element-75c7971b elementor-widget elementor-widget-text-editor\" data-id=\"75c7971b\" data-element_type=\"widget\" data-widget_type=\"text-editor.default\">\n\t\t\t\t<div class=\"elementor-widget-container\">\n\t\t\t\t\t\t\t\t\t<p><strong>Definition<\/strong><\/p><p>Cookies are data stored on the device of an Internet user and used by the site to send information to the Internet user's browser, allowing this browser to send information back to the original site (for example, a session ID, choice of language or date).<\/p><p>Cookies make it possible to store, for the validity of the relevant cookie, status information when a browser accesses the various pages of a website or when the browser subsequently returns to this website.<\/p><p>Only the issuer of a cookie can read or modify the information contained therein.<\/p><p>There are different types of cookies:<\/p><ul style=\"list-style-type: disc;\"><li>session cookies that disappear once you leave the site;<\/li><li>permanent cookies that are stored on your device until they expire or until you delete them via your browser\u2019s settings.<\/li><\/ul><p>You are hereby informed that cookies may be installed on your device when visiting the site.<\/p><p><strong>Purposes of the cookies used<\/strong><\/p><p>The cookies used by SELARL MARTINET-LONGEANIE are used to analyse the frequentation and use of the site.<\/p><p><strong>What cookies do we use?<\/strong><\/p><p>The cookies used on the site are third party cookies chosen restrictively by SELARL MARTINET- LONGEANIE to achieve specific objectives.<\/p><p>SELARL MARTINET-LONGEANIE uses the services offered by the American company Google Inc.<\/p><p>Data collected via cookies is transmitted and stored by Google Inc. Google Inc. is a member of the Safe Harbor scheme and therefore ensures an adequate level of personal data protection (Decision 2000\/520\/EC of 26-7-2000).<\/p><p>The Google Analytics service makes it possible to count visitors and identify how they use the website. These cookies are stored and read on the user's terminal equipment whenever the user accesses a website using the Google Analytics service.<\/p><p>The data generated by these cookies concerns:<\/p><ul style=\"list-style-type: disc;\"><li>your use of the site;<\/li><li>your IP address, to determine the connection city. This data is immediately anonymised after location and is not disclosed to SELARL MARTINET-LONGEANIE.<\/li><\/ul><p>Get more information about the Google Analytics service by visiting <a href=\"https:\/\/support.google.com\/analytics\/answer\/9019185?hl=fr\" target=\"_blank\" rel=\"noopener\">https:\/\/support.google.com\/analytics\/answer\/9019185?hl=fr<\/a>.<\/p><p><strong>Consent<\/strong><\/p><p>When you browse our website, the installation and reading of cookies enables us to analyse your browsing and to measure our website\u2019s audience.<\/p><p>You can also manage the cookies used on the site by configuring your browser, as detailed below.<\/p><p><strong>Cookie management<\/strong><\/p><p>You have several options for deleting cookies.<\/p><p>Indeed, while most browsers are set by default and accept the installation of cookies, you may, if you wish, choose to accept all cookies, or reject them systematically, or choose which ones you accept depending on the issuer. You can also set your browser to accept or reject cookies on a case-by-case basis before they are installed. You can also regularly delete cookies from your terminal via your browser. Remember to configure all the browsers of your various devices (tablets, smartphones, computers).<\/p><p>The configuration of each browser is different when it comes to the management of cookies and your options. It is described in your browser\u2019s help menu, which will tell you how to change your cookie preferences. As an example:<\/p><ul style=\"list-style-type: circle;\"><li>Microsoft Edge\u2122 : <a href=\"https:\/\/support.microsoft.com\/fr-fr\/help\/4027947\/microsoft-edge-delete- cookies\" target=\"_blank\" rel=\"noopener\">https:\/\/support.microsoft.com\/fr-fr\/help\/4027947\/microsoft-edge-delete- cookies<\/a><\/li><li>Safari\u2122: <a href=\"https:\/\/support.apple.com\/fr-fr\/guide\/safari\/sfri11471\/mac\" target=\"_blank\" rel=\"noopener\">https:\/\/support.apple.com\/fr-fr\/guide\/safari\/sfri11471\/mac<\/a><\/li><li>Chrome\u2122: <a href=\"https:\/\/support.google.com\/chrome\/answer\/95647\" target=\"_blank\" rel=\"noopener\">https:\/\/support.google.com\/chrome\/answer\/95647<\/a><\/li><li>Firefox\u2122: <a href=\"http:\/\/support.mozilla.org\/fr\/kb\/Activeretdsactiverlescookies\" target=\"_blank\" rel=\"noopener\">http:\/\/support.mozilla.org\/fr\/kb\/Activeretdsactiverlescookies<\/a><\/li><li>Opera\u2122 : <a href=\"http:\/\/help.opera.com\/Windows\/10.20\/fr\/cookies.html\" target=\"_blank\" rel=\"noopener\">http:\/\/help.opera.com\/Windows\/10.20\/fr\/cookies.html<\/a><\/li><\/ul><p>However, we must inform you that by setting your browser to refuse cookies, certain functions, pages and areas of the site will not be accessible, for which we cannot be held responsible.<\/p><p>We would also like to draw your attention to the fact that when you object to the installation or use of a cookie, a refusal cookie is installed on your device. If you delete this refusal cookie, you will no longer be identified as having refused the use of cookies. Similarly, when you consent to the installation of cookies, a consent cookie is installed. The consent or refusal cookies must remain on your device.<\/p>\t\t\t\t\t\t\t\t<\/div>\n\t\t\t\t<\/div>\n\t\t\t\t\t<\/div>\n\t\t<\/div>\n\t\t\t\t\t<\/div>\n\t\t<\/section>\n\t\t\t\t<section class=\"elementor-section elementor-top-section elementor-element elementor-element-ca6f631 elementor-section-boxed elementor-section-height-default elementor-section-height-default\" data-id=\"ca6f631\" data-element_type=\"section\">\n\t\t\t\t\t\t<div class=\"elementor-container elementor-column-gap-default\">\n\t\t\t\t\t<div class=\"elementor-column elementor-col-100 elementor-top-column elementor-element elementor-element-4d784e1\" data-id=\"4d784e1\" data-element_type=\"column\">\n\t\t\t<div class=\"elementor-widget-wrap elementor-element-populated\">\n\t\t\t\t\t\t<div class=\"elementor-element elementor-element-5409019 elementor-widget elementor-widget-spacer\" data-id=\"5409019\" data-element_type=\"widget\" data-widget_type=\"spacer.default\">\n\t\t\t\t<div class=\"elementor-widget-container\">\n\t\t\t\t\t\t\t<div class=\"elementor-spacer\">\n\t\t\t<div class=\"elementor-spacer-inner\"><\/div>\n\t\t<\/div>\n\t\t\t\t\t\t<\/div>\n\t\t\t\t<\/div>\n\t\t\t\t\t<\/div>\n\t\t<\/div>\n\t\t\t\t\t<\/div>\n\t\t<\/section>\n\t\t\t\t<\/div>","protected":false},"excerpt":{"rendered":"<p>Politique Cookies D\u00e9finition Les cookies sont des donn\u00e9es stock\u00e9es dans l\u2019\u00e9quipement terminal d\u2019un internaute et utilis\u00e9es par le site pour envoyer des informations au navigateur de l\u2019internaute, et permettant \u00e0 ce navigateur de renvoyer des informations au site d\u2019origine (par exemple un identifiant de session, le choix d\u2019une langue ou une date). Les cookies permettent [&hellip;]<\/p>\n","protected":false},"author":1,"featured_media":0,"parent":0,"menu_order":0,"comment_status":"closed","ping_status":"closed","template":"","meta":{"ocean_post_layout":"","ocean_both_sidebars_style":"","ocean_both_sidebars_content_width":0,"ocean_both_sidebars_sidebars_width":0,"ocean_sidebar":"0","ocean_second_sidebar":"0","ocean_disable_margins":"on","ocean_add_body_class":"","ocean_shortcode_before_top_bar":"","ocean_shortcode_after_top_bar":"","ocean_shortcode_before_header":"","ocean_shortcode_after_header":"","ocean_has_shortcode":"","ocean_shortcode_after_title":"","ocean_shortcode_before_footer_widgets":"","ocean_shortcode_after_footer_widgets":"","ocean_shortcode_before_footer_bottom":"","ocean_shortcode_after_footer_bottom":"","ocean_display_top_bar":"default","ocean_display_header":"default","ocean_header_style":"","ocean_center_header_left_menu":"0","ocean_custom_header_template":"0","ocean_custom_logo":0,"ocean_custom_retina_logo":0,"ocean_custom_logo_max_width":0,"ocean_custom_logo_tablet_max_width":0,"ocean_custom_logo_mobile_max_width":0,"ocean_custom_logo_max_height":0,"ocean_custom_logo_tablet_max_height":0,"ocean_custom_logo_mobile_max_height":0,"ocean_header_custom_menu":"0","ocean_menu_typo_font_family":"0","ocean_menu_typo_font_subset":"","ocean_menu_typo_font_size":0,"ocean_menu_typo_font_size_tablet":0,"ocean_menu_typo_font_size_mobile":0,"ocean_menu_typo_font_size_unit":"px","ocean_menu_typo_font_weight":"","ocean_menu_typo_font_weight_tablet":"","ocean_menu_typo_font_weight_mobile":"","ocean_menu_typo_transform":"","ocean_menu_typo_transform_tablet":"","ocean_menu_typo_transform_mobile":"","ocean_menu_typo_line_height":0,"ocean_menu_typo_line_height_tablet":0,"ocean_menu_typo_line_height_mobile":0,"ocean_menu_typo_line_height_unit":"","ocean_menu_typo_spacing":0,"ocean_menu_typo_spacing_tablet":0,"ocean_menu_typo_spacing_mobile":0,"ocean_menu_typo_spacing_unit":"","ocean_menu_link_color":"","ocean_menu_link_color_hover":"","ocean_menu_link_color_active":"","ocean_menu_link_background":"","ocean_menu_link_hover_background":"","ocean_menu_link_active_background":"","ocean_menu_social_links_bg":"","ocean_menu_social_hover_links_bg":"","ocean_menu_social_links_color":"","ocean_menu_social_hover_links_color":"","ocean_disable_title":"default","ocean_disable_heading":"default","ocean_post_title":"","ocean_post_subheading":"","ocean_post_title_style":"","ocean_post_title_background_color":"","ocean_post_title_background":0,"ocean_post_title_bg_image_position":"","ocean_post_title_bg_image_attachment":"","ocean_post_title_bg_image_repeat":"","ocean_post_title_bg_image_size":"","ocean_post_title_height":0,"ocean_post_title_bg_overlay":0.5,"ocean_post_title_bg_overlay_color":"","ocean_disable_breadcrumbs":"default","ocean_breadcrumbs_color":"","ocean_breadcrumbs_separator_color":"","ocean_breadcrumbs_links_color":"","ocean_breadcrumbs_links_hover_color":"","ocean_display_footer_widgets":"default","ocean_display_footer_bottom":"default","ocean_custom_footer_template":"0","footnotes":""},"_links":{"self":[{"href":"https:\/\/lml-avocats.com\/en\/wp-json\/wp\/v2\/pages\/1067"}],"collection":[{"href":"https:\/\/lml-avocats.com\/en\/wp-json\/wp\/v2\/pages"}],"about":[{"href":"https:\/\/lml-avocats.com\/en\/wp-json\/wp\/v2\/types\/page"}],"author":[{"embeddable":true,"href":"https:\/\/lml-avocats.com\/en\/wp-json\/wp\/v2\/users\/1"}],"replies":[{"embeddable":true,"href":"https:\/\/lml-avocats.com\/en\/wp-json\/wp\/v2\/comments?post=1067"}],"version-history":[{"count":19,"href":"https:\/\/lml-avocats.com\/en\/wp-json\/wp\/v2\/pages\/1067\/revisions"}],"predecessor-version":[{"id":1943,"href":"https:\/\/lml-avocats.com\/en\/wp-json\/wp\/v2\/pages\/1067\/revisions\/1943"}],"wp:attachment":[{"href":"https:\/\/lml-avocats.com\/en\/wp-json\/wp\/v2\/media?parent=1067"}],"curies":[{"name":"wp","href":"https:\/\/api.w.org\/{rel}","templated":true}]}}