{"id":1065,"date":"2020-10-15T17:29:17","date_gmt":"2020-10-15T15:29:17","guid":{"rendered":"http:\/\/lml-avocats.com\/?page_id=1065"},"modified":"2023-04-13T22:10:14","modified_gmt":"2023-04-13T20:10:14","slug":"politique-de-protection-des-donnees","status":"publish","type":"page","link":"https:\/\/lml-avocats.com\/en\/politique-de-protection-des-donnees\/","title":{"rendered":"Data protection policy"},"content":{"rendered":"<div data-elementor-type=\"wp-page\" data-elementor-id=\"1065\" class=\"elementor elementor-1065\">\n\t\t\t\t\t\t<section class=\"elementor-section elementor-top-section elementor-element elementor-element-5c0c38c6 elementor-section-stretched elementor-section-height-min-height elementor-section-items-bottom elementor-section-boxed elementor-section-height-default\" data-id=\"5c0c38c6\" data-element_type=\"section\" data-settings=\"{&quot;stretch_section&quot;:&quot;section-stretched&quot;,&quot;background_background&quot;:&quot;classic&quot;}\">\n\t\t\t\t\t\t\t<div class=\"elementor-background-overlay\"><\/div>\n\t\t\t\t\t\t\t<div class=\"elementor-container elementor-column-gap-default\">\n\t\t\t\t\t<div class=\"elementor-column elementor-col-100 elementor-top-column elementor-element elementor-element-3f8d0f6d\" data-id=\"3f8d0f6d\" data-element_type=\"column\">\n\t\t\t<div class=\"elementor-widget-wrap elementor-element-populated\">\n\t\t\t\t\t\t<div class=\"elementor-element elementor-element-3a99c9ae elementor-widget elementor-widget-heading\" data-id=\"3a99c9ae\" data-element_type=\"widget\" data-widget_type=\"heading.default\">\n\t\t\t\t<div class=\"elementor-widget-container\">\n\t\t\t\t\t<h1 class=\"elementor-heading-title elementor-size-default\">Data protection policy<\/h1>\t\t\t\t<\/div>\n\t\t\t\t<\/div>\n\t\t\t\t\t<\/div>\n\t\t<\/div>\n\t\t\t\t\t<\/div>\n\t\t<\/section>\n\t\t\t\t<section class=\"elementor-section elementor-top-section elementor-element elementor-element-e9382f8 elementor-section-boxed elementor-section-height-default elementor-section-height-default\" data-id=\"e9382f8\" data-element_type=\"section\">\n\t\t\t\t\t\t<div class=\"elementor-container elementor-column-gap-default\">\n\t\t\t\t\t<div class=\"elementor-column elementor-col-100 elementor-top-column elementor-element elementor-element-1e42bb83\" data-id=\"1e42bb83\" data-element_type=\"column\">\n\t\t\t<div class=\"elementor-widget-wrap elementor-element-populated\">\n\t\t\t\t\t\t<div class=\"elementor-element elementor-element-29f807ea elementor-widget elementor-widget-spacer\" data-id=\"29f807ea\" data-element_type=\"widget\" data-widget_type=\"spacer.default\">\n\t\t\t\t<div class=\"elementor-widget-container\">\n\t\t\t\t\t\t\t<div class=\"elementor-spacer\">\n\t\t\t<div class=\"elementor-spacer-inner\"><\/div>\n\t\t<\/div>\n\t\t\t\t\t\t<\/div>\n\t\t\t\t<\/div>\n\t\t\t\t\t<\/div>\n\t\t<\/div>\n\t\t\t\t\t<\/div>\n\t\t<\/section>\n\t\t\t\t<section class=\"elementor-section elementor-top-section elementor-element elementor-element-e85bd7 elementor-section-boxed elementor-section-height-default elementor-section-height-default\" data-id=\"e85bd7\" data-element_type=\"section\">\n\t\t\t\t\t\t<div class=\"elementor-container elementor-column-gap-default\">\n\t\t\t\t\t<div class=\"elementor-column elementor-col-100 elementor-top-column elementor-element elementor-element-2a8485ac\" data-id=\"2a8485ac\" data-element_type=\"column\">\n\t\t\t<div class=\"elementor-widget-wrap elementor-element-populated\">\n\t\t\t\t\t\t<div class=\"elementor-element elementor-element-22e0c551 elementor-widget elementor-widget-text-editor\" data-id=\"22e0c551\" data-element_type=\"widget\" data-widget_type=\"text-editor.default\">\n\t\t\t\t<div class=\"elementor-widget-container\">\n\t\t\t\t\t\t\t\t\t<p><strong>1. Preamble<\/strong><\/p><p>Aware of the importance of ensuring the confidentiality of data, SELARL MARTINET-LONGEANIE makes a strong commitment to the protection of personal data.<\/p><p>Also, the purpose of this data protection policy is to inform you of the commitments and practical measures taken by SELARL MARTINET-LONGEANIE to ensure that your personal data is protected<\/p><p>This data protection policy may evolve according to the legal and regulatory framework and the doctrine of the CNIL (Commission Nationale de l\u2019Informatique et des LIbert\u00e9s).<\/p><p><strong>2. Collected data<\/strong><\/p><p>SELARL MARTINET-LONGEANIE ensures that it only collects and processes data that is strictly necessary for its intended purpose (data minimisation).<\/p><p><strong>3. Purposes of the collection<\/strong><\/p><p>The processing carried out by SELARL MARTINET-LONGEANIE has an explicit, legitimate and determined purpose.<\/p><p>Your data is mainly processed for the management of your subscription to the firm's publications.<\/p><p>These purposes have moreover been brought to the attention of our Data Protection Officer via the prior formalities carried out with the latter.<\/p><p><strong>4. Information for users<\/strong><\/p><p>Pursuant to the French Data Protection Act, SELARL MARTINET-LONGEANIE informs you of any personal data processing.<\/p><p>Thus, whenever personal data is collected, SELARL MARTINET-LONGEANIE will clearly inform you of:<\/p><ul style=\"list-style-type: disc;\"><li>the identity and contact details of the data controller and, as applicable, the representative of the data controller;<\/li><li>the contact details of the Data Protection Officer;<\/li><li>the purposes of the personal processing operation and the legal basis of the processing operation;<\/li><li>as applicable, the legitimate interests pursued by SELARL MARTINET-LONGEANIE or by a third party;<\/li><li>the recipients or categories of recipients of personal data;<\/li><li>as applicable, the fact that SELARL MARTINET-LONGEANIE intends to transfer personal data to a third country or to an international organisation;<\/li><li>the length of time personal data is retained for, or the criteria used to determine this length;<\/li><li>the existence of the right to request access, correction or erasure of personal data, or a limitation of processing, or the right to object to processing and the right to portability of data as well as the possibility of determining the fate of data post mortem;<\/li><li>the existence of the right to withdraw consent at any time, without prejudice to the legality of the processing operation based on the consent given prior to its withdrawal;<\/li><li>the right to file a complaint with a supervisory authority ;<\/li><li>information on whether the requirement to provide personal data is regulatory or contractual or whether it is a condition precedent for the conclusion of a contract and whether the data subject is under an obligation to provide the personal data, and any consequences of the failure to provide such data;<\/li><li>the existence of automated decision making, including profiling, as well as relevant information concerning the underlying logic, and the scale and expected consequences of such processing.<\/li><\/ul><p><strong>5. Data recipients<\/strong><\/p><p>SELARL MARTINET-LONGEANIE only discloses your personal data to authorised and determined recipients.<\/p><p>The recipients of your personal data are the relevant departments of the firm.<\/p><p><strong>6. Data retention<\/strong><\/p><p>SELARL MARTINET-LONGEANIE will only retain your data for the length of time necessary for their intended purpose, and in compliance with current law.<\/p><p><strong>7. Security<\/strong><\/p><p>SELARL MARTINET-LONGEANIE ensures the security of your personal data by implementing reinforced data protection using physical and logical security systems.<\/p><p><strong>8. Your rights<\/strong><\/p><p>Pursuant to the French Data Protection Act, you have the right to access, correct, erase or limit the processing and portability of data, and define its fate after your death. To exercise this right, please contact the Data Protection Officer by e-mail at the following address: <a href=\"mailto:lml@lml-avocats.com\">lml@lml-avocats.com<\/a> ou par courrier postal \u00e0 la SELARL MARTINET-LONGEANIE, 222 bd Saint-Germain, 75007 Paris, accompagn\u00e9 d\u2019une copie d\u2019un titre d\u2019identit\u00e9 sign\u00e9.<\/p><p><strong>9. Contact<\/strong><\/p><p>For all information requests concerning the personal data protection policy implemented by SELARL MARTINET-LONGEANIE, please use the contact form.<\/p>\t\t\t\t\t\t\t\t<\/div>\n\t\t\t\t<\/div>\n\t\t\t\t\t<\/div>\n\t\t<\/div>\n\t\t\t\t\t<\/div>\n\t\t<\/section>\n\t\t\t\t<section class=\"elementor-section elementor-top-section elementor-element elementor-element-7477dc0 elementor-section-boxed elementor-section-height-default elementor-section-height-default\" data-id=\"7477dc0\" data-element_type=\"section\">\n\t\t\t\t\t\t<div class=\"elementor-container elementor-column-gap-default\">\n\t\t\t\t\t<div class=\"elementor-column elementor-col-100 elementor-top-column elementor-element elementor-element-274eca6\" data-id=\"274eca6\" data-element_type=\"column\">\n\t\t\t<div class=\"elementor-widget-wrap elementor-element-populated\">\n\t\t\t\t\t\t<div class=\"elementor-element elementor-element-dbbc487 elementor-widget elementor-widget-spacer\" data-id=\"dbbc487\" data-element_type=\"widget\" data-widget_type=\"spacer.default\">\n\t\t\t\t<div class=\"elementor-widget-container\">\n\t\t\t\t\t\t\t<div class=\"elementor-spacer\">\n\t\t\t<div class=\"elementor-spacer-inner\"><\/div>\n\t\t<\/div>\n\t\t\t\t\t\t<\/div>\n\t\t\t\t<\/div>\n\t\t\t\t\t<\/div>\n\t\t<\/div>\n\t\t\t\t\t<\/div>\n\t\t<\/section>\n\t\t\t\t<\/div>","protected":false},"excerpt":{"rendered":"<p>Politique de protection des donn\u00e9es 1. Pr\u00e9ambule Conscient de l\u2019importance d\u2019assurer la confidentialit\u00e9 des donn\u00e9es, la SELARL MARTINET-LONGEANIE prend des engagements forts vis-\u00e0-vis de la protection des donn\u00e9es \u00e0 caract\u00e8re personnel. Aussi, la pr\u00e9sente politique de protection des donn\u00e9es a pour objectif de vous informer sur les engagements et mesures pratiques pris par la SELARL [&hellip;]<\/p>\n","protected":false},"author":1,"featured_media":0,"parent":0,"menu_order":0,"comment_status":"closed","ping_status":"closed","template":"","meta":{"ocean_post_layout":"","ocean_both_sidebars_style":"","ocean_both_sidebars_content_width":0,"ocean_both_sidebars_sidebars_width":0,"ocean_sidebar":"0","ocean_second_sidebar":"0","ocean_disable_margins":"on","ocean_add_body_class":"","ocean_shortcode_before_top_bar":"","ocean_shortcode_after_top_bar":"","ocean_shortcode_before_header":"","ocean_shortcode_after_header":"","ocean_has_shortcode":"","ocean_shortcode_after_title":"","ocean_shortcode_before_footer_widgets":"","ocean_shortcode_after_footer_widgets":"","ocean_shortcode_before_footer_bottom":"","ocean_shortcode_after_footer_bottom":"","ocean_display_top_bar":"default","ocean_display_header":"default","ocean_header_style":"","ocean_center_header_left_menu":"0","ocean_custom_header_template":"0","ocean_custom_logo":0,"ocean_custom_retina_logo":0,"ocean_custom_logo_max_width":0,"ocean_custom_logo_tablet_max_width":0,"ocean_custom_logo_mobile_max_width":0,"ocean_custom_logo_max_height":0,"ocean_custom_logo_tablet_max_height":0,"ocean_custom_logo_mobile_max_height":0,"ocean_header_custom_menu":"0","ocean_menu_typo_font_family":"0","ocean_menu_typo_font_subset":"","ocean_menu_typo_font_size":0,"ocean_menu_typo_font_size_tablet":0,"ocean_menu_typo_font_size_mobile":0,"ocean_menu_typo_font_size_unit":"px","ocean_menu_typo_font_weight":"","ocean_menu_typo_font_weight_tablet":"","ocean_menu_typo_font_weight_mobile":"","ocean_menu_typo_transform":"","ocean_menu_typo_transform_tablet":"","ocean_menu_typo_transform_mobile":"","ocean_menu_typo_line_height":0,"ocean_menu_typo_line_height_tablet":0,"ocean_menu_typo_line_height_mobile":0,"ocean_menu_typo_line_height_unit":"","ocean_menu_typo_spacing":0,"ocean_menu_typo_spacing_tablet":0,"ocean_menu_typo_spacing_mobile":0,"ocean_menu_typo_spacing_unit":"","ocean_menu_link_color":"","ocean_menu_link_color_hover":"","ocean_menu_link_color_active":"","ocean_menu_link_background":"","ocean_menu_link_hover_background":"","ocean_menu_link_active_background":"","ocean_menu_social_links_bg":"","ocean_menu_social_hover_links_bg":"","ocean_menu_social_links_color":"","ocean_menu_social_hover_links_color":"","ocean_disable_title":"default","ocean_disable_heading":"default","ocean_post_title":"","ocean_post_subheading":"","ocean_post_title_style":"","ocean_post_title_background_color":"","ocean_post_title_background":0,"ocean_post_title_bg_image_position":"","ocean_post_title_bg_image_attachment":"","ocean_post_title_bg_image_repeat":"","ocean_post_title_bg_image_size":"","ocean_post_title_height":0,"ocean_post_title_bg_overlay":0.5,"ocean_post_title_bg_overlay_color":"","ocean_disable_breadcrumbs":"default","ocean_breadcrumbs_color":"","ocean_breadcrumbs_separator_color":"","ocean_breadcrumbs_links_color":"","ocean_breadcrumbs_links_hover_color":"","ocean_display_footer_widgets":"default","ocean_display_footer_bottom":"default","ocean_custom_footer_template":"0","footnotes":""},"_links":{"self":[{"href":"https:\/\/lml-avocats.com\/en\/wp-json\/wp\/v2\/pages\/1065"}],"collection":[{"href":"https:\/\/lml-avocats.com\/en\/wp-json\/wp\/v2\/pages"}],"about":[{"href":"https:\/\/lml-avocats.com\/en\/wp-json\/wp\/v2\/types\/page"}],"author":[{"embeddable":true,"href":"https:\/\/lml-avocats.com\/en\/wp-json\/wp\/v2\/users\/1"}],"replies":[{"embeddable":true,"href":"https:\/\/lml-avocats.com\/en\/wp-json\/wp\/v2\/comments?post=1065"}],"version-history":[{"count":16,"href":"https:\/\/lml-avocats.com\/en\/wp-json\/wp\/v2\/pages\/1065\/revisions"}],"predecessor-version":[{"id":2251,"href":"https:\/\/lml-avocats.com\/en\/wp-json\/wp\/v2\/pages\/1065\/revisions\/2251"}],"wp:attachment":[{"href":"https:\/\/lml-avocats.com\/en\/wp-json\/wp\/v2\/media?parent=1065"}],"curies":[{"name":"wp","href":"https:\/\/api.w.org\/{rel}","templated":true}]}}